{"id":1616,"date":"2022-09-12T11:32:27","date_gmt":"2022-09-12T11:32:27","guid":{"rendered":"https:\/\/jeanklare.nl\/?page_id=1616"},"modified":"2024-01-09T10:35:13","modified_gmt":"2024-01-09T10:35:13","slug":"auteur","status":"publish","type":"page","link":"https:\/\/jeanklare.nl\/fr\/auteur\/","title":{"rendered":"Publications"},"content":{"rendered":"<div data-elementor-type=\"wp-page\" data-elementor-id=\"1616\" class=\"elementor elementor-1616\" data-elementor-post-type=\"page\">\n\t\t\t\t\t\t<section class=\"elementor-section elementor-top-section elementor-element elementor-element-32f0f99 elementor-section-full_width elementor-section-height-min-height elementor-section-content-middle elementor-section-height-default elementor-section-items-middle\" data-id=\"32f0f99\" data-element_type=\"section\" data-settings=\"{&quot;background_background&quot;:&quot;slideshow&quot;,&quot;background_slideshow_gallery&quot;:[{&quot;id&quot;:315,&quot;url&quot;:&quot;https:\\\/\\\/jeanklare.nl\\\/wp-content\\\/uploads\\\/2022\\\/08\\\/Belevingswereld-26.jpg&quot;},{&quot;id&quot;:313,&quot;url&quot;:&quot;https:\\\/\\\/jeanklare.nl\\\/wp-content\\\/uploads\\\/2022\\\/08\\\/Belevingswereld-15.jpg&quot;},{&quot;id&quot;:314,&quot;url&quot;:&quot;https:\\\/\\\/jeanklare.nl\\\/wp-content\\\/uploads\\\/2022\\\/08\\\/Belevingswereld-18.jpg&quot;},{&quot;id&quot;:306,&quot;url&quot;:&quot;https:\\\/\\\/jeanklare.nl\\\/wp-content\\\/uploads\\\/2022\\\/08\\\/Belevingswereld-7.jpg&quot;},{&quot;id&quot;:310,&quot;url&quot;:&quot;https:\\\/\\\/jeanklare.nl\\\/wp-content\\\/uploads\\\/2022\\\/08\\\/Belevingswereld-11.jpg&quot;},{&quot;id&quot;:312,&quot;url&quot;:&quot;https:\\\/\\\/jeanklare.nl\\\/wp-content\\\/uploads\\\/2022\\\/08\\\/Belevingswereld-14.jpg&quot;},{&quot;id&quot;:305,&quot;url&quot;:&quot;https:\\\/\\\/jeanklare.nl\\\/wp-content\\\/uploads\\\/2022\\\/08\\\/Belevingswereld-6.jpg&quot;},{&quot;id&quot;:304,&quot;url&quot;:&quot;https:\\\/\\\/jeanklare.nl\\\/wp-content\\\/uploads\\\/2022\\\/08\\\/Belevingswereld-5.jpg&quot;},{&quot;id&quot;:311,&quot;url&quot;:&quot;https:\\\/\\\/jeanklare.nl\\\/wp-content\\\/uploads\\\/2022\\\/08\\\/Belevingswereld-12.jpg&quot;},{&quot;id&quot;:319,&quot;url&quot;:&quot;https:\\\/\\\/jeanklare.nl\\\/wp-content\\\/uploads\\\/2022\\\/08\\\/Untitled-5.png&quot;},{&quot;id&quot;:320,&quot;url&quot;:&quot;https:\\\/\\\/jeanklare.nl\\\/wp-content\\\/uploads\\\/2022\\\/08\\\/Untitled6.png&quot;},{&quot;id&quot;:321,&quot;url&quot;:&quot;https:\\\/\\\/jeanklare.nl\\\/wp-content\\\/uploads\\\/2022\\\/08\\\/Untitled7.png&quot;}],&quot;background_slideshow_slide_duration&quot;:2500,&quot;background_slideshow_transition_duration&quot;:5000,&quot;background_slideshow_lazyload&quot;:&quot;yes&quot;,&quot;background_slideshow_loop&quot;:&quot;yes&quot;,&quot;background_slideshow_slide_transition&quot;:&quot;fade&quot;}\">\n\t\t\t\t\t\t<div class=\"elementor-container elementor-column-gap-default\">\n\t\t\t\t\t<div class=\"elementor-column elementor-col-100 elementor-top-column elementor-element elementor-element-d7a090a\" data-id=\"d7a090a\" data-element_type=\"column\">\n\t\t\t<div class=\"elementor-widget-wrap elementor-element-populated\">\n\t\t\t\t\t\t<div class=\"elementor-element elementor-element-f13b257 animated-slow elementor-invisible elementor-widget elementor-widget-heading\" data-id=\"f13b257\" data-element_type=\"widget\" data-settings=\"{&quot;_animation&quot;:&quot;fadeIn&quot;}\" data-widget_type=\"heading.default\">\n\t\t\t\t<div class=\"elementor-widget-container\">\n\t\t\t<style>\/*! elementor - v3.21.0 - 08-05-2024 *\/\n.elementor-heading-title{padding:0;margin:0;line-height:1}.elementor-widget-heading .elementor-heading-title[class*=elementor-size-]>a{color:inherit;font-size:inherit;line-height:inherit}.elementor-widget-heading .elementor-heading-title.elementor-size-small{font-size:15px}.elementor-widget-heading .elementor-heading-title.elementor-size-medium{font-size:19px}.elementor-widget-heading .elementor-heading-title.elementor-size-large{font-size:29px}.elementor-widget-heading .elementor-heading-title.elementor-size-xl{font-size:39px}.elementor-widget-heading .elementor-heading-title.elementor-size-xxl{font-size:59px}<\/style><h2 class=\"elementor-heading-title elementor-size-default\">publications<\/h2>\t\t<\/div>\n\t\t\t\t<\/div>\n\t\t\t\t\t<\/div>\n\t\t<\/div>\n\t\t\t\t\t<\/div>\n\t\t<\/section>\n\t\t\t\t<section class=\"elementor-section elementor-top-section elementor-element elementor-element-bee6b9e elementor-section-boxed elementor-section-height-default elementor-section-height-default\" data-id=\"bee6b9e\" data-element_type=\"section\">\n\t\t\t\t\t\t<div class=\"elementor-container elementor-column-gap-default\">\n\t\t\t\t\t<div class=\"elementor-column elementor-col-100 elementor-top-column elementor-element elementor-element-fdd989b\" data-id=\"fdd989b\" data-element_type=\"column\">\n\t\t\t<div class=\"elementor-widget-wrap elementor-element-populated\">\n\t\t\t\t\t\t<section class=\"elementor-section elementor-inner-section elementor-element elementor-element-2eef0dc elementor-section-full_width elementor-section-height-default elementor-section-height-default\" data-id=\"2eef0dc\" data-element_type=\"section\">\n\t\t\t\t\t\t<div class=\"elementor-container elementor-column-gap-default\">\n\t\t\t\t\t<div class=\"elementor-column elementor-col-100 elementor-inner-column elementor-element elementor-element-e3c1da5\" data-id=\"e3c1da5\" data-element_type=\"column\">\n\t\t\t<div class=\"elementor-widget-wrap elementor-element-populated\">\n\t\t\t\t\t\t<div class=\"elementor-element elementor-element-fcbc062 elementor-drop-cap-yes elementor-drop-cap-view-default elementor-widget elementor-widget-text-editor\" data-id=\"fcbc062\" data-element_type=\"widget\" data-settings=\"{&quot;drop_cap&quot;:&quot;yes&quot;}\" data-widget_type=\"text-editor.default\">\n\t\t\t\t<div class=\"elementor-widget-container\">\n\t\t\t<style>\/*! elementor - v3.21.0 - 08-05-2024 *\/\n.elementor-widget-text-editor.elementor-drop-cap-view-stacked .elementor-drop-cap{background-color:#69727d;color:#fff}.elementor-widget-text-editor.elementor-drop-cap-view-framed .elementor-drop-cap{color:#69727d;border:3px solid;background-color:transparent}.elementor-widget-text-editor:not(.elementor-drop-cap-view-default) .elementor-drop-cap{margin-top:8px}.elementor-widget-text-editor:not(.elementor-drop-cap-view-default) .elementor-drop-cap-letter{width:1em;height:1em}.elementor-widget-text-editor .elementor-drop-cap{float:left;text-align:center;line-height:1;font-size:50px}.elementor-widget-text-editor .elementor-drop-cap-letter{display:inline-block}<\/style>\t\t\t\t<p>Avec la co-auteure Louise van Swaaij, je suis \u00e9galement connue comme la createur de\u00a0<em>L'Atlas de notre Continent Interieur<\/em>. Une premi\u00e8re version de l'ouvrage (Autrement) a \u00e9t\u00e9 traduite en 17 langues, pour un tirage de plus d'un demi-million d'exemplaires distribu\u00e9s dans le monde entier.\u00a0<\/p><p>Une \u00e9dition enti\u00e8rement r\u00e9vis\u00e9e, <em><a href=\"https:\/\/atlasvandebelevingswereld.myshopify.com\/products\/de-grote-atlas-van-de-belevingswereld\" target=\"_blank\" rel=\"noopener\">Le Grand Atlas de notre Continent Interieur (Autrement)<\/a>\u00a0<\/em>et le <em>Petit Atlas de notre Continent Interieur<\/em> paraissent chez l'\u00e9diteur de Harmonie, bas\u00e9 \u00e0 Amsterdam.<img fetchpriority=\"high\" decoding=\"async\" class=\"alignnone size-large wp-image-1623\" src=\"https:\/\/jeanklare.nl\/wp-content\/uploads\/2022\/09\/atlas_afbeelding_banier-973x1024.png\" alt=\"\" width=\"800\" height=\"842\" srcset=\"https:\/\/jeanklare.nl\/wp-content\/uploads\/2022\/09\/atlas_afbeelding_banier-973x1024.png 973w, https:\/\/jeanklare.nl\/wp-content\/uploads\/2022\/09\/atlas_afbeelding_banier-285x300.png 285w, https:\/\/jeanklare.nl\/wp-content\/uploads\/2022\/09\/atlas_afbeelding_banier-768x808.png 768w, https:\/\/jeanklare.nl\/wp-content\/uploads\/2022\/09\/atlas_afbeelding_banier.png 1403w\" sizes=\"(max-width: 800px) 100vw, 800px\" \/><\/p><p><a href=\"http:\/\/atlasvandebelevingswereld.nl\">Dans ma boutique<\/a> vous pouvez commander les livres, mais toutes sortes d'autres produits sont \u00e9galement disponibles: des cartes individuelles, une grande carte du Monde de l'Exp\u00e9rience, une carte pliable (pratique en d\u00e9placement !) et vous pouvez ajouter vos propres noms de lieux aux diff\u00e9rentes \u00eeles et commander une impression unique.\u00a0<\/p><p>En 2018, elle a publi\u00e9\u00a0<em>De A \u00e0 B (et retour), <\/em>un atlas qui conduit sur une trajectoire de r\u00e9alit\u00e9 et de fantaisie en cinquante cartes. Les villes, les villages, les montagnes et les mers dont les noms \u00e9voquent des sentiments et des exp\u00e9riences sensorielles sont reli\u00e9s par des routes, des lignes de chemin de fer et des rivi\u00e8res. <em>De A \u00e0 B (et retour)<\/em> vous montre le chemin, mais vous laisse aussi vous perdre dans votre propre imagination.<\/p><p><img decoding=\"async\" class=\"alignnone wp-image-1622\" src=\"https:\/\/jeanklare.nl\/wp-content\/uploads\/2022\/09\/Omslag_mockup_Van_A_naar_B_v1.1.png\" alt=\"\" width=\"123\" height=\"336\" srcset=\"https:\/\/jeanklare.nl\/wp-content\/uploads\/2022\/09\/Omslag_mockup_Van_A_naar_B_v1.1.png 293w, https:\/\/jeanklare.nl\/wp-content\/uploads\/2022\/09\/Omslag_mockup_Van_A_naar_B_v1.1-110x300.png 110w\" sizes=\"(max-width: 123px) 100vw, 123px\" \/><a href=\"https:\/\/jeanklare.nl\/wp-content\/uploads\/2022\/09\/Binnenwerk_mockup_van_A_naar_B_v1.1c.png\">\u00a0\u00a0<img decoding=\"async\" class=\"alignnone wp-image-1621\" src=\"https:\/\/jeanklare.nl\/wp-content\/uploads\/2022\/09\/Binnenwerk_mockup_van_A_naar_B_v1.1c.png\" alt=\"\" width=\"236\" height=\"321\" srcset=\"https:\/\/jeanklare.nl\/wp-content\/uploads\/2022\/09\/Binnenwerk_mockup_van_A_naar_B_v1.1c.png 589w, https:\/\/jeanklare.nl\/wp-content\/uploads\/2022\/09\/Binnenwerk_mockup_van_A_naar_B_v1.1c-221x300.png 221w\" sizes=\"(max-width: 236px) 100vw, 236px\" \/><\/a><\/p><p>Vous voyez en un coup d'\u0153il comment vous entreprenez un voyage, prenez une d\u00e9cision, surmontez vos peurs, \u00eates d\u00e9\u00e7u, surmontez les revers, rencontrez un nouvel amour ou trouvez un emploi (et le perdez \u00e0 nouveau), comment vous oubliez des choses, apprenez, trouvez le bonheur ou atteignez le succ\u00e8s.<\/p><p>J'ai travaill\u00e9 sur un successeur \u00e0 la <em>Grand Atlas du monde de l'exp\u00e9rience.<\/em> Cette \u00e9dition sera \u00e9galement publi\u00e9e par les \u00e9ditions de Harmonie, mais on ignore encore quand.<\/p><h5 data-font-size=\"18px\"><em><span class=\"regular\"><span class=\"regular_italic\">Malheureusement, il existe des imitations tr\u00e8s similaires de l'Atlas du monde de l'exp\u00e9rience en circulation, utilis\u00e9es entre autres pour la formation et l'\u00e9valuation du d\u00e9veloppement personnel. Ces cartographies associatives d\u00e9riv\u00e9es d\u00e9routent r\u00e9guli\u00e8rement les fans et les lecteurs de mon travail. Toutefois, ces imitations bas\u00e9es sur le Monde de l'Exp\u00e9rience ne peuvent \u00eatre exploit\u00e9es sans l'autorisation des auteurs ou de l'\u00e9diteur.<\/span><\/span><\/em><\/h5>\t\t\t\t\t\t<\/div>\n\t\t\t\t<\/div>\n\t\t\t\t\t<\/div>\n\t\t<\/div>\n\t\t\t\t\t<\/div>\n\t\t<\/section>\n\t\t\t\t\t<\/div>\n\t\t<\/div>\n\t\t\t\t\t<\/div>\n\t\t<\/section>\n\t\t\t\t<section class=\"elementor-section elementor-top-section elementor-element elementor-element-0f2af28 elementor-section-boxed elementor-section-height-default elementor-section-height-default\" data-id=\"0f2af28\" data-element_type=\"section\" data-settings=\"{&quot;background_background&quot;:&quot;classic&quot;}\">\n\t\t\t\t\t\t<div class=\"elementor-container elementor-column-gap-default\">\n\t\t\t\t\t<div class=\"elementor-column elementor-col-100 elementor-top-column elementor-element elementor-element-9f1c7cb\" data-id=\"9f1c7cb\" data-element_type=\"column\">\n\t\t\t<div class=\"elementor-widget-wrap elementor-element-populated\">\n\t\t\t\t\t\t<div class=\"elementor-element elementor-element-43cce5c elementor-widget elementor-widget-heading\" data-id=\"43cce5c\" data-element_type=\"widget\" data-widget_type=\"heading.default\">\n\t\t\t\t<div class=\"elementor-widget-container\">\n\t\t\t<h3 class=\"elementor-heading-title elementor-size-default\">publications<\/h3>\t\t<\/div>\n\t\t\t\t<\/div>\n\t\t\t\t<div class=\"elementor-element elementor-element-ead5713 elementor-grid-tablet-3 elementor-posts--align-center elementor-posts--thumbnail-top elementor-grid-3 elementor-grid-mobile-1 elementor-widget elementor-widget-posts\" data-id=\"ead5713\" data-element_type=\"widget\" data-settings=\"{&quot;custom_columns_tablet&quot;:&quot;3&quot;,&quot;custom_row_gap&quot;:{&quot;unit&quot;:&quot;px&quot;,&quot;size&quot;:0,&quot;sizes&quot;:[]},&quot;custom_columns&quot;:&quot;3&quot;,&quot;custom_columns_mobile&quot;:&quot;1&quot;,&quot;custom_row_gap_tablet&quot;:{&quot;unit&quot;:&quot;px&quot;,&quot;size&quot;:&quot;&quot;,&quot;sizes&quot;:[]},&quot;custom_row_gap_mobile&quot;:{&quot;unit&quot;:&quot;px&quot;,&quot;size&quot;:&quot;&quot;,&quot;sizes&quot;:[]}}\" data-widget_type=\"posts.custom\">\n\t\t\t\t<div class=\"elementor-widget-container\">\n\t\t\t<link rel=\"stylesheet\" href=\"https:\/\/jeanklare.nl\/wp-content\/plugins\/elementor-pro\/assets\/css\/widget-posts.min.css\">      <div class=\"ecs-posts elementor-posts-container elementor-posts   elementor-grid elementor-posts--skin-custom\" data-settings=\"{&quot;current_page&quot;:1,&quot;max_num_pages&quot;:1,&quot;load_method&quot;:&quot;lazyload&quot;,&quot;widget_id&quot;:&quot;ead5713&quot;,&quot;post_id&quot;:1616,&quot;theme_id&quot;:1616,&quot;change_url&quot;:false,&quot;reinit_js&quot;:false}\">\n      \t\t<article id=\"post-339\" class=\"elementor-post elementor-grid-item ecs-post-loop post-339 portfolio type-portfolio status-publish has-post-thumbnail hentry category-auteurswerk category-cartografie category-ontwerp\">\n\t\t\t\t<div data-elementor-type=\"loop\" data-elementor-id=\"914\" class=\"elementor elementor-914 post-339 portfolio type-portfolio status-publish has-post-thumbnail hentry category-auteurswerk category-cartografie category-ontwerp\" data-elementor-post-type=\"elementor_library\">\n\t\t\t<style>#post-339 .elementor-914 .elementor-element.elementor-element-77de5f7 > .elementor-background-overlay{background-image: url(\"https:\/\/jeanklare.nl\/wp-content\/uploads\/2022\/08\/Belevingswereld-8.jpg\");} @media (max-width: 767px) {#post-339 .elementor-914 .elementor-element.elementor-element-77de5f7 > .elementor-background-overlay{background-image: url(\"\");}}#post-339 .elementor-914 .elementor-element.elementor-element-77de5f7:hover > .elementor-background-overlay{background-image: url(\"https:\/\/jeanklare.nl\/wp-content\/uploads\/2022\/08\/Belevingswereld-8.jpg\");}<\/style>\t\t<section class=\"elementor-section elementor-top-section elementor-element elementor-element-77de5f7 elementor-section-full_width elementor-section-height-min-height elementor-section-height-default elementor-section-items-middle\" data-id=\"77de5f7\" data-element_type=\"section\" data-settings=\"{&quot;background_background&quot;:&quot;classic&quot;}\">\n\t\t\t\t\t\t\t<div class=\"elementor-background-overlay\"><\/div>\n\t\t\t\t\t\t\t<div class=\"elementor-container elementor-column-gap-no\">\n\t\t\t\t\t<div class=\"elementor-column elementor-col-100 elementor-top-column elementor-element elementor-element-b79a2f2\" data-id=\"b79a2f2\" data-element_type=\"column\">\n\t\t\t<div class=\"elementor-widget-wrap elementor-element-populated\">\n\t\t\t\t\t\t<div class=\"elementor-element elementor-element-3398ae1 e-transform elementor-widget elementor-widget-heading\" data-id=\"3398ae1\" data-element_type=\"widget\" data-settings=\"{&quot;_animation&quot;:&quot;none&quot;,&quot;_transform_translateX_effect&quot;:{&quot;unit&quot;:&quot;px&quot;,&quot;size&quot;:-4,&quot;sizes&quot;:[]},&quot;_transform_translateY_effect&quot;:{&quot;unit&quot;:&quot;px&quot;,&quot;size&quot;:3,&quot;sizes&quot;:[]},&quot;_transform_translateX_effect_tablet&quot;:{&quot;unit&quot;:&quot;px&quot;,&quot;size&quot;:&quot;&quot;,&quot;sizes&quot;:[]},&quot;_transform_translateX_effect_mobile&quot;:{&quot;unit&quot;:&quot;px&quot;,&quot;size&quot;:&quot;&quot;,&quot;sizes&quot;:[]},&quot;_transform_translateY_effect_tablet&quot;:{&quot;unit&quot;:&quot;px&quot;,&quot;size&quot;:&quot;&quot;,&quot;sizes&quot;:[]},&quot;_transform_translateY_effect_mobile&quot;:{&quot;unit&quot;:&quot;px&quot;,&quot;size&quot;:&quot;&quot;,&quot;sizes&quot;:[]}}\" data-widget_type=\"heading.default\">\n\t\t\t\t<div class=\"elementor-widget-container\">\n\t\t\t<h6 class=\"elementor-heading-title elementor-size-default\"><a href=\"https:\/\/jeanklare.nl\/fr\/portfolio\/atlas-van-de-belevingswereld\/\">Atlas de notre Continent Interieur<\/a><\/h6>\t\t<\/div>\n\t\t\t\t<\/div>\n\t\t\t\t\t<\/div>\n\t\t<\/div>\n\t\t\t\t\t<\/div>\n\t\t<\/section>\n\t\t\t\t<\/div>\n\t\t\t\t<\/article>\n\t\t\t\t<article id=\"post-341\" class=\"elementor-post elementor-grid-item ecs-post-loop post-341 portfolio type-portfolio status-publish has-post-thumbnail hentry category-auteurswerk category-cartografie category-ontwerp\">\n\t\t\t\t<div data-elementor-type=\"loop\" data-elementor-id=\"914\" class=\"elementor elementor-914 post-341 portfolio type-portfolio status-publish has-post-thumbnail hentry category-auteurswerk category-cartografie category-ontwerp\" data-elementor-post-type=\"elementor_library\">\n\t\t\t<style>#post-341 .elementor-914 .elementor-element.elementor-element-77de5f7 > .elementor-background-overlay{background-image: url(\"https:\/\/jeanklare.nl\/wp-content\/uploads\/2022\/08\/Masker-thumbnail-VAnB.jpg\");} @media (max-width: 767px) {#post-341 .elementor-914 .elementor-element.elementor-element-77de5f7 > .elementor-background-overlay{background-image: url(\"\");}}#post-341 .elementor-914 .elementor-element.elementor-element-77de5f7:hover > .elementor-background-overlay{background-image: url(\"https:\/\/jeanklare.nl\/wp-content\/uploads\/2022\/08\/Masker-thumbnail-VAnB.jpg\");}<\/style>\t\t<section class=\"elementor-section elementor-top-section elementor-element elementor-element-77de5f7 elementor-section-full_width elementor-section-height-min-height elementor-section-height-default elementor-section-items-middle\" data-id=\"77de5f7\" data-element_type=\"section\" data-settings=\"{&quot;background_background&quot;:&quot;classic&quot;}\">\n\t\t\t\t\t\t\t<div class=\"elementor-background-overlay\"><\/div>\n\t\t\t\t\t\t\t<div class=\"elementor-container elementor-column-gap-no\">\n\t\t\t\t\t<div class=\"elementor-column elementor-col-100 elementor-top-column elementor-element elementor-element-b79a2f2\" data-id=\"b79a2f2\" data-element_type=\"column\">\n\t\t\t<div class=\"elementor-widget-wrap elementor-element-populated\">\n\t\t\t\t\t\t<div class=\"elementor-element elementor-element-3398ae1 e-transform elementor-widget elementor-widget-heading\" data-id=\"3398ae1\" data-element_type=\"widget\" data-settings=\"{&quot;_animation&quot;:&quot;none&quot;,&quot;_transform_translateX_effect&quot;:{&quot;unit&quot;:&quot;px&quot;,&quot;size&quot;:-4,&quot;sizes&quot;:[]},&quot;_transform_translateY_effect&quot;:{&quot;unit&quot;:&quot;px&quot;,&quot;size&quot;:3,&quot;sizes&quot;:[]},&quot;_transform_translateX_effect_tablet&quot;:{&quot;unit&quot;:&quot;px&quot;,&quot;size&quot;:&quot;&quot;,&quot;sizes&quot;:[]},&quot;_transform_translateX_effect_mobile&quot;:{&quot;unit&quot;:&quot;px&quot;,&quot;size&quot;:&quot;&quot;,&quot;sizes&quot;:[]},&quot;_transform_translateY_effect_tablet&quot;:{&quot;unit&quot;:&quot;px&quot;,&quot;size&quot;:&quot;&quot;,&quot;sizes&quot;:[]},&quot;_transform_translateY_effect_mobile&quot;:{&quot;unit&quot;:&quot;px&quot;,&quot;size&quot;:&quot;&quot;,&quot;sizes&quot;:[]}}\" data-widget_type=\"heading.default\">\n\t\t\t\t<div class=\"elementor-widget-container\">\n\t\t\t<h6 class=\"elementor-heading-title elementor-size-default\"><a href=\"https:\/\/jeanklare.nl\/fr\/portfolio\/van-a-naar-b\/\">De A \u00e0 B (et retour)<\/a><\/h6>\t\t<\/div>\n\t\t\t\t<\/div>\n\t\t\t\t\t<\/div>\n\t\t<\/div>\n\t\t\t\t\t<\/div>\n\t\t<\/section>\n\t\t\t\t<\/div>\n\t\t\t\t<\/article>\n\t\t\t\t<\/div>\n\t\t\t\t<\/div>\n\t\t\t\t<\/div>\n\t\t\t\t\t<\/div>\n\t\t<\/div>\n\t\t\t\t\t<\/div>\n\t\t<\/section>\n\t\t\t\t<\/div>","protected":false},"excerpt":{"rendered":"<p>publications Avec la co-auteure Louise van Swaaij, je suis \u00e9galement connu comme le cr\u00e9ateur et le concepteur de l'Atlas du monde de l'exp\u00e9rience. Une premi\u00e8re version du livre a \u00e9t\u00e9 traduite en 17 langues diff\u00e9rentes dans une \u00e9dition de plus d'un demi-million d'exemplaires distribu\u00e9s dans le monde entier.  Une \u00e9dition enti\u00e8rement r\u00e9vis\u00e9e, le Grand Atlas du Monde de l'Exp\u00e9rience et le Petit [...]<\/p>","protected":false},"author":3,"featured_media":0,"parent":0,"menu_order":0,"comment_status":"closed","ping_status":"closed","template":"elementor_header_footer","meta":{"_acf_changed":false,"footnotes":""},"class_list":["post-1616","page","type-page","status-publish","hentry"],"acf":[],"_links":{"self":[{"href":"https:\/\/jeanklare.nl\/fr\/wp-json\/wp\/v2\/pages\/1616","targetHints":{"allow":["GET"]}}],"collection":[{"href":"https:\/\/jeanklare.nl\/fr\/wp-json\/wp\/v2\/pages"}],"about":[{"href":"https:\/\/jeanklare.nl\/fr\/wp-json\/wp\/v2\/types\/page"}],"author":[{"embeddable":true,"href":"https:\/\/jeanklare.nl\/fr\/wp-json\/wp\/v2\/users\/3"}],"replies":[{"embeddable":true,"href":"https:\/\/jeanklare.nl\/fr\/wp-json\/wp\/v2\/comments?post=1616"}],"version-history":[{"count":83,"href":"https:\/\/jeanklare.nl\/fr\/wp-json\/wp\/v2\/pages\/1616\/revisions"}],"predecessor-version":[{"id":2559,"href":"https:\/\/jeanklare.nl\/fr\/wp-json\/wp\/v2\/pages\/1616\/revisions\/2559"}],"wp:attachment":[{"href":"https:\/\/jeanklare.nl\/fr\/wp-json\/wp\/v2\/media?parent=1616"}],"curies":[{"name":"wp","href":"https:\/\/api.w.org\/{rel}","templated":true}]}}